{"id":822,"date":"2025-05-02T12:24:13","date_gmt":"2025-05-02T10:24:13","guid":{"rendered":"https:\/\/www.zahn-fine-kids.de\/tedaviler\/tebesir-disler-hipomineralize\/"},"modified":"2025-05-16T13:20:51","modified_gmt":"2025-05-16T11:20:51","slug":"tebesir-disler-hipomineralize","status":"publish","type":"page","link":"https:\/\/www.zahn-fine-kids.de\/tr\/tedaviler\/tebesir-disler-hipomineralize\/","title":{"rendered":"Tebe\u015fir Di\u015fler (Hipomineralize)"},"content":{"rendered":"\t\t<div data-elementor-type=\"wp-page\" data-elementor-id=\"822\" class=\"elementor elementor-822 elementor-553\" data-elementor-settings=\"{&quot;element_pack_global_tooltip_width&quot;:{&quot;unit&quot;:&quot;px&quot;,&quot;size&quot;:&quot;&quot;,&quot;sizes&quot;:[]},&quot;element_pack_global_tooltip_width_tablet&quot;:{&quot;unit&quot;:&quot;px&quot;,&quot;size&quot;:&quot;&quot;,&quot;sizes&quot;:[]},&quot;element_pack_global_tooltip_width_mobile&quot;:{&quot;unit&quot;:&quot;px&quot;,&quot;size&quot;:&quot;&quot;,&quot;sizes&quot;:[]},&quot;element_pack_global_tooltip_padding&quot;:{&quot;unit&quot;:&quot;px&quot;,&quot;top&quot;:&quot;&quot;,&quot;right&quot;:&quot;&quot;,&quot;bottom&quot;:&quot;&quot;,&quot;left&quot;:&quot;&quot;,&quot;isLinked&quot;:true},&quot;element_pack_global_tooltip_padding_tablet&quot;:{&quot;unit&quot;:&quot;px&quot;,&quot;top&quot;:&quot;&quot;,&quot;right&quot;:&quot;&quot;,&quot;bottom&quot;:&quot;&quot;,&quot;left&quot;:&quot;&quot;,&quot;isLinked&quot;:true},&quot;element_pack_global_tooltip_padding_mobile&quot;:{&quot;unit&quot;:&quot;px&quot;,&quot;top&quot;:&quot;&quot;,&quot;right&quot;:&quot;&quot;,&quot;bottom&quot;:&quot;&quot;,&quot;left&quot;:&quot;&quot;,&quot;isLinked&quot;:true},&quot;element_pack_global_tooltip_border_radius&quot;:{&quot;unit&quot;:&quot;px&quot;,&quot;top&quot;:&quot;&quot;,&quot;right&quot;:&quot;&quot;,&quot;bottom&quot;:&quot;&quot;,&quot;left&quot;:&quot;&quot;,&quot;isLinked&quot;:true},&quot;element_pack_global_tooltip_border_radius_tablet&quot;:{&quot;unit&quot;:&quot;px&quot;,&quot;top&quot;:&quot;&quot;,&quot;right&quot;:&quot;&quot;,&quot;bottom&quot;:&quot;&quot;,&quot;left&quot;:&quot;&quot;,&quot;isLinked&quot;:true},&quot;element_pack_global_tooltip_border_radius_mobile&quot;:{&quot;unit&quot;:&quot;px&quot;,&quot;top&quot;:&quot;&quot;,&quot;right&quot;:&quot;&quot;,&quot;bottom&quot;:&quot;&quot;,&quot;left&quot;:&quot;&quot;,&quot;isLinked&quot;:true}}\" data-elementor-post-type=\"page\">\n\t\t\t\t\t\t<section class=\"elementor-section elementor-top-section elementor-element elementor-element-6a95bec elementor-reverse-mobile elementor-section-boxed elementor-section-height-default elementor-section-height-default\" data-id=\"6a95bec\" data-element_type=\"section\" data-e-type=\"section\">\n\t\t\t\t\t\t<div class=\"elementor-container elementor-column-gap-extended\">\n\t\t\t\t\t<div class=\"aux-parallax-section elementor-column elementor-col-50 elementor-top-column elementor-element elementor-element-77f1f21 elementor-invisible\" data-id=\"77f1f21\" data-element_type=\"column\" data-e-type=\"column\" data-settings=\"{&quot;animation&quot;:&quot;fadeInLeft&quot;}\">\n\t\t\t<div class=\"elementor-widget-wrap elementor-element-populated\">\n\t\t\t\t\t\t<div class=\"elementor-element elementor-element-0363c8e elementor-widget elementor-widget-heading\" data-id=\"0363c8e\" data-element_type=\"widget\" data-e-type=\"widget\" data-widget_type=\"heading.default\">\n\t\t\t\t<div class=\"elementor-widget-container\">\n\t\t\t\t\t<h1 class=\"elementor-heading-title elementor-size-default\">Tebe\u015fir Di\u015fler (Hipomineralize)<\/h1>\t\t\t\t<\/div>\n\t\t\t\t<\/div>\n\t\t\t\t<div class=\"elementor-element elementor-element-9c657f9 elementor-widget elementor-widget-heading\" data-id=\"9c657f9\" data-element_type=\"widget\" data-e-type=\"widget\" data-widget_type=\"heading.default\">\n\t\t\t\t<div class=\"elementor-widget-container\">\n\t\t\t\t\t<h2 class=\"elementor-heading-title elementor-size-default\">Di\u015fler K\u0131r\u0131l\u0131yorsa ve A\u011fr\u0131yorsa<\/h2>\t\t\t\t<\/div>\n\t\t\t\t<\/div>\n\t\t\t\t<div class=\"elementor-element elementor-element-2c85b05 elementor-widget elementor-widget-text-editor\" data-id=\"2c85b05\" data-element_type=\"widget\" data-e-type=\"widget\" data-widget_type=\"text-editor.default\">\n\t\t\t\t<div class=\"elementor-widget-container\">\n\t\t\t\t\t\t\t\t\t<p>Belki siz de \u00e7ocu\u011funuzda fark etmi\u015f olabilirsiniz: Bir di\u015f beyaz\u0131ms\u0131-sar\u0131 g\u00f6r\u00fcn\u00fcyor, lekeler ta\u015f\u0131yor ya da hatta par\u00e7alanmaya ba\u015fl\u0131yor.<br>\u00c7i\u011fnerken a\u011fr\u0131 ya da s\u0131zlama olu\u015fabiliyor.<br>Bu gibi durumlarda s\u00f6z konusu olan \u015fey, halk aras\u0131nda \u201ctebe\u015fir di\u015fler\u201d, t\u0131bbi ad\u0131yla Molaren-\u0130nsisiv-Hipomineralizasyon (MIH) olabilir.  <\/p><p>Gelsenkirchen\u2019deki \u00e7ocuk di\u015f hekiminiz olarak, bu duruma klini\u011fimizde her ge\u00e7en g\u00fcn daha s\u0131k rastl\u0131yoruz ve bu konuyu olduk\u00e7a ciddiye al\u0131yoruz.<\/p>\t\t\t\t\t\t\t\t<\/div>\n\t\t\t\t<\/div>\n\t\t\t\t\t<\/div>\n\t\t<\/div>\n\t\t\t\t<div class=\"aux-parallax-section elementor-column elementor-col-50 elementor-top-column elementor-element elementor-element-1057854\" data-id=\"1057854\" data-element_type=\"column\" data-e-type=\"column\">\n\t\t\t<div class=\"elementor-widget-wrap elementor-element-populated\">\n\t\t\t\t\t\t<div class=\"elementor-element elementor-element-8a1f7e6 elementor-invisible elementor-widget elementor-widget-image\" data-id=\"8a1f7e6\" data-element_type=\"widget\" data-e-type=\"widget\" data-settings=\"{&quot;_animation&quot;:&quot;fadeInRight&quot;}\" data-widget_type=\"image.default\">\n\t\t\t\t<div class=\"elementor-widget-container\">\n\t\t\t\t\t\t\t\t\t\t\t\t\t\t\t<img fetchpriority=\"high\" decoding=\"async\" width=\"320\" height=\"320\" src=\"https:\/\/www.zahn-fine-kids.de\/wp-content\/uploads\/2025\/01\/happy-diverse-toddler-boy-with-curly-hair-looking-2024-11-01-02-32-53-utc-web.jpg\" class=\"attachment-large size-large wp-image-690\" alt=\"\" srcset=\"https:\/\/www.zahn-fine-kids.de\/wp-content\/uploads\/2025\/01\/happy-diverse-toddler-boy-with-curly-hair-looking-2024-11-01-02-32-53-utc-web.jpg 320w, https:\/\/www.zahn-fine-kids.de\/wp-content\/uploads\/2025\/01\/happy-diverse-toddler-boy-with-curly-hair-looking-2024-11-01-02-32-53-utc-web-300x300.jpg 300w, https:\/\/www.zahn-fine-kids.de\/wp-content\/uploads\/2025\/01\/happy-diverse-toddler-boy-with-curly-hair-looking-2024-11-01-02-32-53-utc-web-150x150.jpg 150w, https:\/\/www.zahn-fine-kids.de\/wp-content\/uploads\/2025\/01\/happy-diverse-toddler-boy-with-curly-hair-looking-2024-11-01-02-32-53-utc-web-200x200.jpg 200w\" sizes=\"(max-width: 320px) 100vw, 320px\" \/>\t\t\t\t\t\t\t\t\t\t\t\t\t\t\t<\/div>\n\t\t\t\t<\/div>\n\t\t\t\t\t<\/div>\n\t\t<\/div>\n\t\t\t\t\t<\/div>\n\t\t<\/section>\n\t\t<div class=\"aux-parallax-section elementor-element elementor-element-2d9cd86 e-flex e-con-boxed e-con e-parent\" data-id=\"2d9cd86\" data-element_type=\"container\" data-e-type=\"container\">\n\t\t\t\t\t<div class=\"e-con-inner\">\n\t\t\t\t<div class=\"elementor-element elementor-element-675f1a6 elementor-invisible elementor-widget elementor-widget-heading\" data-id=\"675f1a6\" data-element_type=\"widget\" data-e-type=\"widget\" data-settings=\"{&quot;_animation&quot;:&quot;fadeInUp&quot;}\" data-widget_type=\"heading.default\">\n\t\t\t\t<div class=\"elementor-widget-container\">\n\t\t\t\t\t<h2 class=\"elementor-heading-title elementor-size-default\">Tebe\u015fir Di\u015f Nedir?<\/h2>\t\t\t\t<\/div>\n\t\t\t\t<\/div>\n\t\t\t\t<div class=\"elementor-element elementor-element-acdf3ed elementor-widget elementor-widget-text-editor\" data-id=\"acdf3ed\" data-element_type=\"widget\" data-e-type=\"widget\" data-widget_type=\"text-editor.default\">\n\t\t\t\t<div class=\"elementor-widget-container\">\n\t\t\t\t\t\t\t\t\tTebe\u015fir di\u015fler, di\u015f minesinin yeterince mineralize olmamas\u0131 durumunda ortaya \u00e7\u0131kmaktad\u0131r.<br>Bu durumda di\u015f daha yumu\u015fak olmakta, \u00e7\u00fcr\u00fc\u011fe daha yatk\u0131n h\u00e2le gelmekte ve kolayca k\u0131r\u0131labilmektedir.<br>En \u00e7ok etkilenen di\u015fler genellikle ilk daimi az\u0131 di\u015fleri (molaren) ve \u00f6n kesici di\u015fler (insisivler) olmaktad\u0131r.   \n\nNedeni tam olarak net de\u011fildir. Ancak erken \u00e7ocukluk d\u00f6neminde \u00e7evresel fakt\u00f6rlerin, enfeksiyonlar\u0131n ya da baz\u0131 ila\u00e7lar\u0131n etkili olabilece\u011fi d\u00fc\u015f\u00fcn\u00fclmektedir.  \t\t\t\t\t\t\t\t<\/div>\n\t\t\t\t<\/div>\n\t\t\t\t\t<\/div>\n\t\t\t\t<\/div>\n\t\t<div class=\"aux-parallax-section elementor-element elementor-element-c9eb3f6 e-flex e-con-boxed e-con e-parent\" data-id=\"c9eb3f6\" data-element_type=\"container\" data-e-type=\"container\">\n\t\t\t\t\t<div class=\"e-con-inner\">\n\t\t\t\t<div class=\"elementor-element elementor-element-8d6fd35 elementor-invisible elementor-widget elementor-widget-heading\" data-id=\"8d6fd35\" data-element_type=\"widget\" data-e-type=\"widget\" data-settings=\"{&quot;_animation&quot;:&quot;fadeInUp&quot;}\" data-widget_type=\"heading.default\">\n\t\t\t\t<div class=\"elementor-widget-container\">\n\t\t\t\t\t<h2 class=\"elementor-heading-title elementor-size-default\">Tebe\u015fir Di\u015fleri Nas\u0131l Fark Edebilirsiniz?<\/h2>\t\t\t\t<\/div>\n\t\t\t\t<\/div>\n\t\t\t\t<div class=\"elementor-element elementor-element-683796c elementor-widget elementor-widget-text-editor\" data-id=\"683796c\" data-element_type=\"widget\" data-e-type=\"widget\" data-widget_type=\"text-editor.default\">\n\t\t\t\t<div class=\"elementor-widget-container\">\n\t\t\t\t\t\t\t\t\t\u015eu belirtilere dikkat etmenizi \u00f6neriyoruz:\t\t\t\t\t\t\t\t<\/div>\n\t\t\t\t<\/div>\n\t\t\t\t<div class=\"elementor-element elementor-element-96f9abc elementor-align-start elementor-icon-list--layout-traditional elementor-list-item-link-full_width elementor-widget elementor-widget-icon-list\" data-id=\"96f9abc\" data-element_type=\"widget\" data-e-type=\"widget\" data-widget_type=\"icon-list.default\">\n\t\t\t\t<div class=\"elementor-widget-container\">\n\t\t\t\t\t\t\t<ul class=\"elementor-icon-list-items\">\n\t\t\t\t\t\t\t<li class=\"elementor-icon-list-item\">\n\t\t\t\t\t\t\t\t\t\t\t<span class=\"elementor-icon-list-icon\">\n\t\t\t\t\t\t\t<i aria-hidden=\"true\" class=\"fas fa-arrow-circle-right\"><\/i>\t\t\t\t\t\t<\/span>\n\t\t\t\t\t\t\t\t\t\t<span class=\"elementor-icon-list-text\">Di\u015flerde sar\u0131ms\u0131-beyaz ya da kahverengimsi lekeler<\/span>\n\t\t\t\t\t\t\t\t\t<\/li>\n\t\t\t\t\t\t\t\t<li class=\"elementor-icon-list-item\">\n\t\t\t\t\t\t\t\t\t\t\t<span class=\"elementor-icon-list-icon\">\n\t\t\t\t\t\t\t<i aria-hidden=\"true\" class=\"fas fa-arrow-circle-right\"><\/i>\t\t\t\t\t\t<\/span>\n\t\t\t\t\t\t\t\t\t\t<span class=\"elementor-icon-list-text\">Di\u015f f\u0131r\u00e7alarken veya yemek yerken hassasiyet<\/span>\n\t\t\t\t\t\t\t\t\t<\/li>\n\t\t\t\t\t\t\t\t<li class=\"elementor-icon-list-item\">\n\t\t\t\t\t\t\t\t\t\t\t<span class=\"elementor-icon-list-icon\">\n\t\t\t\t\t\t\t<i aria-hidden=\"true\" class=\"fas fa-arrow-circle-right\"><\/i>\t\t\t\t\t\t<\/span>\n\t\t\t\t\t\t\t\t\t\t<span class=\"elementor-icon-list-text\">Di\u015flerde \u00e7atlaklar ya da k\u00fc\u00e7\u00fck k\u0131r\u0131klar<\/span>\n\t\t\t\t\t\t\t\t\t<\/li>\n\t\t\t\t\t\t\t\t<li class=\"elementor-icon-list-item\">\n\t\t\t\t\t\t\t\t\t\t\t<span class=\"elementor-icon-list-icon\">\n\t\t\t\t\t\t\t<i aria-hidden=\"true\" class=\"fas fa-arrow-circle-right\"><\/i>\t\t\t\t\t\t<\/span>\n\t\t\t\t\t\t\t\t\t\t<span class=\"elementor-icon-list-text\">\u0130yi a\u011f\u0131z bak\u0131m\u0131 yap\u0131lmas\u0131na ra\u011fmen s\u0131k g\u00f6r\u00fclen \u00e7\u00fcr\u00fckler<\/span>\n\t\t\t\t\t\t\t\t\t<\/li>\n\t\t\t\t\t\t<\/ul>\n\t\t\t\t\t\t<\/div>\n\t\t\t\t<\/div>\n\t\t\t\t<div class=\"elementor-element elementor-element-9dafd66 elementor-widget elementor-widget-text-editor\" data-id=\"9dafd66\" data-element_type=\"widget\" data-e-type=\"widget\" data-widget_type=\"text-editor.default\">\n\t\t\t\t<div class=\"elementor-widget-container\">\n\t\t\t\t\t\t\t\t\tE\u011fer bu t\u00fcr de\u011fi\u015fiklikleri fark ederseniz, l\u00fctfen beklemeyin. Do\u011frudan klini\u011fimize gelin. \t\t\t\t\t\t\t\t<\/div>\n\t\t\t\t<\/div>\n\t\t\t\t\t<\/div>\n\t\t\t\t<\/div>\n\t\t<div class=\"aux-parallax-section elementor-element elementor-element-fa1dec9 e-flex e-con-boxed e-con e-parent\" data-id=\"fa1dec9\" data-element_type=\"container\" data-e-type=\"container\">\n\t\t\t\t\t<div class=\"e-con-inner\">\n\t\t\t\t<div class=\"elementor-element elementor-element-6430910 elementor-invisible elementor-widget elementor-widget-heading\" data-id=\"6430910\" data-element_type=\"widget\" data-e-type=\"widget\" data-settings=\"{&quot;_animation&quot;:&quot;fadeInUp&quot;}\" data-widget_type=\"heading.default\">\n\t\t\t\t<div class=\"elementor-widget-container\">\n\t\t\t\t\t<h2 class=\"elementor-heading-title elementor-size-default\">Zahnfine Kids Olarak Neler Yap\u0131yoruz?<\/h2>\t\t\t\t<\/div>\n\t\t\t\t<\/div>\n\t\t\t\t<div class=\"elementor-element elementor-element-1fd0dd0 elementor-widget elementor-widget-text-editor\" data-id=\"1fd0dd0\" data-element_type=\"widget\" data-e-type=\"widget\" data-widget_type=\"text-editor.default\">\n\t\t\t\t<div class=\"elementor-widget-container\">\n\t\t\t\t\t\t\t\t\t\u00d6ncelikle di\u015fin ne \u00f6l\u00e7\u00fcde etkilendi\u011fini dikkatle de\u011ferlendiriyoruz. Ard\u0131ndan sizinle birlikte \u00e7ocu\u011funuz i\u00e7in en uygun tedaviye karar veriyoruz: \t\t\t\t\t\t\t\t<\/div>\n\t\t\t\t<\/div>\n\t\t\t\t<div class=\"elementor-element elementor-element-11ed2aa elementor-align-start elementor-icon-list--layout-traditional elementor-list-item-link-full_width elementor-widget elementor-widget-icon-list\" data-id=\"11ed2aa\" data-element_type=\"widget\" data-e-type=\"widget\" data-widget_type=\"icon-list.default\">\n\t\t\t\t<div class=\"elementor-widget-container\">\n\t\t\t\t\t\t\t<ul class=\"elementor-icon-list-items\">\n\t\t\t\t\t\t\t<li class=\"elementor-icon-list-item\">\n\t\t\t\t\t\t\t\t\t\t\t<span class=\"elementor-icon-list-icon\">\n\t\t\t\t\t\t\t<i aria-hidden=\"true\" class=\"fas fa-arrow-circle-right\"><\/i>\t\t\t\t\t\t<\/span>\n\t\t\t\t\t\t\t\t\t\t<span class=\"elementor-icon-list-text\">Di\u015f minesini g\u00fc\u00e7lendirmek i\u00e7in flor uygulamalar\u0131<\/span>\n\t\t\t\t\t\t\t\t\t<\/li>\n\t\t\t\t\t\t\t\t<li class=\"elementor-icon-list-item\">\n\t\t\t\t\t\t\t\t\t\t\t<span class=\"elementor-icon-list-icon\">\n\t\t\t\t\t\t\t<i aria-hidden=\"true\" class=\"fas fa-arrow-circle-right\"><\/i>\t\t\t\t\t\t<\/span>\n\t\t\t\t\t\t\t\t\t\t<span class=\"elementor-icon-list-text\">Kompozit dolgular veya koruyucu fiss\u00fcr \u00f6rt\u00fcc\u00fcler<\/span>\n\t\t\t\t\t\t\t\t\t<\/li>\n\t\t\t\t\t\t\t\t<li class=\"elementor-icon-list-item\">\n\t\t\t\t\t\t\t\t\t\t\t<span class=\"elementor-icon-list-icon\">\n\t\t\t\t\t\t\t<i aria-hidden=\"true\" class=\"fas fa-arrow-circle-right\"><\/i>\t\t\t\t\t\t<\/span>\n\t\t\t\t\t\t\t\t\t\t<span class=\"elementor-icon-list-text\">\u0130leri vakalarda: \u00e7ocuklara \u00f6zel kuronlar ya da koruyucu kaplamalar<\/span>\n\t\t\t\t\t\t\t\t\t<\/li>\n\t\t\t\t\t\t<\/ul>\n\t\t\t\t\t\t<\/div>\n\t\t\t\t<\/div>\n\t\t\t\t<div class=\"elementor-element elementor-element-38f25aa elementor-widget elementor-widget-text-editor\" data-id=\"38f25aa\" data-element_type=\"widget\" data-e-type=\"widget\" data-widget_type=\"text-editor.default\">\n\t\t\t\t<div class=\"elementor-widget-container\">\n\t\t\t\t\t\t\t\t\t<p>Hedefimiz her zaman ayn\u0131d\u0131r: Di\u015fi korumak, a\u011fr\u0131y\u0131 \u00f6nlemek ve ileride olu\u015fabilecek sorunlar\u0131n \u00f6n\u00fcne ge\u00e7mek.<\/p><p>\u00c7ocuk di\u015f hekiminiz olarak, tedavilerimizi \u00e7ocu\u011funuza uygun y\u00f6ntemlerle, anlay\u0131\u015fla ve sizinle i\u015f birli\u011fi i\u00e7inde y\u00fcr\u00fct\u00fcyoruz.<\/p>\t\t\t\t\t\t\t\t<\/div>\n\t\t\t\t<\/div>\n\t\t\t\t\t<\/div>\n\t\t\t\t<\/div>\n\t\t<div class=\"aux-parallax-section elementor-element elementor-element-31b87a1 e-flex e-con-boxed e-con e-parent\" data-id=\"31b87a1\" data-element_type=\"container\" data-e-type=\"container\">\n\t\t\t\t\t<div class=\"e-con-inner\">\n\t\t\t\t<div class=\"elementor-element elementor-element-cf43a89 elementor-invisible elementor-widget elementor-widget-heading\" data-id=\"cf43a89\" data-element_type=\"widget\" data-e-type=\"widget\" data-settings=\"{&quot;_animation&quot;:&quot;fadeInUp&quot;}\" data-widget_type=\"heading.default\">\n\t\t\t\t<div class=\"elementor-widget-container\">\n\t\t\t\t\t<h2 class=\"elementor-heading-title elementor-size-default\">Size \u00d6nerimiz: Erken M\u00fcdahale \u00d6nemlidir<\/h2>\t\t\t\t<\/div>\n\t\t\t\t<\/div>\n\t\t\t\t<div class=\"elementor-element elementor-element-9a164ec elementor-widget elementor-widget-text-editor\" data-id=\"9a164ec\" data-element_type=\"widget\" data-e-type=\"widget\" data-widget_type=\"text-editor.default\">\n\t\t\t\t<div class=\"elementor-widget-container\">\n\t\t\t\t\t\t\t\t\t<p>Tebe\u015fir di\u015fler ne kadar erken fark edilirse, m\u00fcdahale o kadar etkili olmaktad\u0131r.<br>Bu nedenle \u00e7ocu\u011funuzun y\u0131lda iki kez d\u00fczenli kontrol randevular\u0131na gelmesini tavsiye ediyoruz. <\/p><p><strong>Zahnfine Kids olarak her zaman yan\u0131n\u0131zday\u0131z.<br>Size bilgimiz, ilgimiz ve a\u00e7\u0131k ileti\u015fimimizle destek oluyoruz. <\/strong><\/p>\t\t\t\t\t\t\t\t<\/div>\n\t\t\t\t<\/div>\n\t\t\t\t\t<\/div>\n\t\t\t\t<\/div>\n\t\t<div class=\"aux-parallax-section elementor-element elementor-element-5bbf4e84 e-flex e-con-boxed e-con e-parent\" data-id=\"5bbf4e84\" data-element_type=\"container\" data-e-type=\"container\">\n\t\t\t\t\t<div class=\"e-con-inner\">\n\t\t\t\t<div class=\"elementor-element elementor-element-4f5a6d4e elementor-widget__width-inherit elementor-widget-mobile__width-inherit elementor-widget elementor-widget-aux_button\" data-id=\"4f5a6d4e\" data-element_type=\"widget\" data-e-type=\"widget\" data-widget_type=\"aux_button.default\">\n\t\t\t\t<div class=\"elementor-widget-container\">\n\t\t\t\t\t<a  href=\"https:\/\/www.zahn-fine-kids.de\/\" target=\"_self\"   class=\"aux-button aux-medium aux-carmine-pink aux-curve aux-none aux-uppercase\" ><span class=\"aux-overlay\"><\/span><span class=\"aux-text\">Ana sayfaya<\/span><\/a>\t\t\t\t<\/div>\n\t\t\t\t<\/div>\n\t\t\t\t\t<\/div>\n\t\t\t\t<\/div>\n\t\t\t\t<\/div>\n\t\t","protected":false},"excerpt":{"rendered":"<p>Tebe\u015fir Di\u015fler (Hipomineralize) Di\u015fler K\u0131r\u0131l\u0131yorsa ve A\u011fr\u0131yorsa Belki siz de \u00e7ocu\u011funuzda fark etmi\u015f olabilirsiniz: Bir di\u015f beyaz\u0131ms\u0131-sar\u0131 g\u00f6r\u00fcn\u00fcyor, lekeler ta\u015f\u0131yor ya da hatta par\u00e7alanmaya ba\u015fl\u0131yor.\u00c7i\u011fnerken a\u011fr\u0131 ya da s\u0131zlama olu\u015fabiliyor.Bu gibi durumlarda s\u00f6z konusu olan \u015fey, halk aras\u0131nda \u201ctebe\u015fir di\u015fler\u201d, t\u0131bbi ad\u0131yla Molaren-\u0130nsisiv-Hipomineralizasyon (MIH) olabilir. Gelsenkirchen\u2019deki \u00e7ocuk di\u015f hekiminiz olarak, bu duruma klini\u011fimizde her ge\u00e7en [&hellip;]<\/p>\n","protected":false},"author":1,"featured_media":0,"parent":803,"menu_order":0,"comment_status":"closed","ping_status":"closed","template":"elementor_header_footer","meta":{"footnotes":""},"class_list":["post-822","page","type-page","status-publish","hentry"],"_links":{"self":[{"href":"https:\/\/www.zahn-fine-kids.de\/tr\/wp-json\/wp\/v2\/pages\/822","targetHints":{"allow":["GET"]}}],"collection":[{"href":"https:\/\/www.zahn-fine-kids.de\/tr\/wp-json\/wp\/v2\/pages"}],"about":[{"href":"https:\/\/www.zahn-fine-kids.de\/tr\/wp-json\/wp\/v2\/types\/page"}],"author":[{"embeddable":true,"href":"https:\/\/www.zahn-fine-kids.de\/tr\/wp-json\/wp\/v2\/users\/1"}],"replies":[{"embeddable":true,"href":"https:\/\/www.zahn-fine-kids.de\/tr\/wp-json\/wp\/v2\/comments?post=822"}],"version-history":[{"count":1,"href":"https:\/\/www.zahn-fine-kids.de\/tr\/wp-json\/wp\/v2\/pages\/822\/revisions"}],"predecessor-version":[{"id":823,"href":"https:\/\/www.zahn-fine-kids.de\/tr\/wp-json\/wp\/v2\/pages\/822\/revisions\/823"}],"up":[{"embeddable":true,"href":"https:\/\/www.zahn-fine-kids.de\/tr\/wp-json\/wp\/v2\/pages\/803"}],"wp:attachment":[{"href":"https:\/\/www.zahn-fine-kids.de\/tr\/wp-json\/wp\/v2\/media?parent=822"}],"curies":[{"name":"wp","href":"https:\/\/api.w.org\/{rel}","templated":true}]}}