{"id":816,"date":"2025-05-02T12:55:18","date_gmt":"2025-05-02T10:55:18","guid":{"rendered":"https:\/\/www.zahn-fine-kids.de\/tedaviler\/cocuklarda-dolgu\/"},"modified":"2025-05-16T13:19:46","modified_gmt":"2025-05-16T11:19:46","slug":"cocuklarda-dolgu","status":"publish","type":"page","link":"https:\/\/www.zahn-fine-kids.de\/tr\/tedaviler\/cocuklarda-dolgu\/","title":{"rendered":"\u00c7ocuklarda Dolgu"},"content":{"rendered":"\t\t<div data-elementor-type=\"wp-page\" data-elementor-id=\"816\" class=\"elementor elementor-816 elementor-562\" data-elementor-settings=\"{&quot;element_pack_global_tooltip_width&quot;:{&quot;unit&quot;:&quot;px&quot;,&quot;size&quot;:&quot;&quot;,&quot;sizes&quot;:[]},&quot;element_pack_global_tooltip_width_tablet&quot;:{&quot;unit&quot;:&quot;px&quot;,&quot;size&quot;:&quot;&quot;,&quot;sizes&quot;:[]},&quot;element_pack_global_tooltip_width_mobile&quot;:{&quot;unit&quot;:&quot;px&quot;,&quot;size&quot;:&quot;&quot;,&quot;sizes&quot;:[]},&quot;element_pack_global_tooltip_padding&quot;:{&quot;unit&quot;:&quot;px&quot;,&quot;top&quot;:&quot;&quot;,&quot;right&quot;:&quot;&quot;,&quot;bottom&quot;:&quot;&quot;,&quot;left&quot;:&quot;&quot;,&quot;isLinked&quot;:true},&quot;element_pack_global_tooltip_padding_tablet&quot;:{&quot;unit&quot;:&quot;px&quot;,&quot;top&quot;:&quot;&quot;,&quot;right&quot;:&quot;&quot;,&quot;bottom&quot;:&quot;&quot;,&quot;left&quot;:&quot;&quot;,&quot;isLinked&quot;:true},&quot;element_pack_global_tooltip_padding_mobile&quot;:{&quot;unit&quot;:&quot;px&quot;,&quot;top&quot;:&quot;&quot;,&quot;right&quot;:&quot;&quot;,&quot;bottom&quot;:&quot;&quot;,&quot;left&quot;:&quot;&quot;,&quot;isLinked&quot;:true},&quot;element_pack_global_tooltip_border_radius&quot;:{&quot;unit&quot;:&quot;px&quot;,&quot;top&quot;:&quot;&quot;,&quot;right&quot;:&quot;&quot;,&quot;bottom&quot;:&quot;&quot;,&quot;left&quot;:&quot;&quot;,&quot;isLinked&quot;:true},&quot;element_pack_global_tooltip_border_radius_tablet&quot;:{&quot;unit&quot;:&quot;px&quot;,&quot;top&quot;:&quot;&quot;,&quot;right&quot;:&quot;&quot;,&quot;bottom&quot;:&quot;&quot;,&quot;left&quot;:&quot;&quot;,&quot;isLinked&quot;:true},&quot;element_pack_global_tooltip_border_radius_mobile&quot;:{&quot;unit&quot;:&quot;px&quot;,&quot;top&quot;:&quot;&quot;,&quot;right&quot;:&quot;&quot;,&quot;bottom&quot;:&quot;&quot;,&quot;left&quot;:&quot;&quot;,&quot;isLinked&quot;:true}}\" data-elementor-post-type=\"page\">\n\t\t\t\t\t\t<section class=\"elementor-section elementor-top-section elementor-element elementor-element-6a95bec elementor-reverse-mobile elementor-section-boxed elementor-section-height-default elementor-section-height-default\" data-id=\"6a95bec\" data-element_type=\"section\" data-e-type=\"section\">\n\t\t\t\t\t\t<div class=\"elementor-container elementor-column-gap-extended\">\n\t\t\t\t\t<div class=\"aux-parallax-section elementor-column elementor-col-50 elementor-top-column elementor-element elementor-element-77f1f21 elementor-invisible\" data-id=\"77f1f21\" data-element_type=\"column\" data-e-type=\"column\" data-settings=\"{&quot;animation&quot;:&quot;fadeInLeft&quot;}\">\n\t\t\t<div class=\"elementor-widget-wrap elementor-element-populated\">\n\t\t\t\t\t\t<div class=\"elementor-element elementor-element-0363c8e elementor-widget elementor-widget-heading\" data-id=\"0363c8e\" data-element_type=\"widget\" data-e-type=\"widget\" data-widget_type=\"heading.default\">\n\t\t\t\t<div class=\"elementor-widget-container\">\n\t\t\t\t\t<h1 class=\"elementor-heading-title elementor-size-default\">\u00c7ocuklarda Dolgu<\/h1>\t\t\t\t<\/div>\n\t\t\t\t<\/div>\n\t\t\t\t<div class=\"elementor-element elementor-element-9c657f9 elementor-widget elementor-widget-heading\" data-id=\"9c657f9\" data-element_type=\"widget\" data-e-type=\"widget\" data-widget_type=\"heading.default\">\n\t\t\t\t<div class=\"elementor-widget-container\">\n\t\t\t\t\t<h2 class=\"elementor-heading-title elementor-size-default\">C\u00fcr\u00fck Di\u015fe H\u0131zl\u0131 ve Nazik M\u00fcdahale<\/h2>\t\t\t\t<\/div>\n\t\t\t\t<\/div>\n\t\t\t\t<div class=\"elementor-element elementor-element-2c85b05 elementor-widget elementor-widget-text-editor\" data-id=\"2c85b05\" data-element_type=\"widget\" data-e-type=\"widget\" data-widget_type=\"text-editor.default\">\n\t\t\t\t<div class=\"elementor-widget-container\">\n\t\t\t\t\t\t\t\t\tT\u00fcm \u00f6nlemlere ra\u011fmen bazen \u00e7\u00fcr\u00fck yine de geli\u015fmektedir: Di\u015f \u00e7\u00fcr\u00fc\u011f\u00fc bir di\u015fi etkilemi\u015f olabilir. Bu durum yaln\u0131zca can s\u0131k\u0131c\u0131 de\u011fil, ayn\u0131 zamanda \u00f6zellikle s\u00fct di\u015flerinde a\u011fr\u0131ya da yol a\u00e7abilmektedir. Bir \u00e7ocuk di\u015f hekimi olarak biliyoruz ki bu noktada h\u0131zl\u0131 ama anlay\u0131\u015fl\u0131 bir m\u00fcdahale gerekmektedir.\t\t\t\t\t\t\t\t<\/div>\n\t\t\t\t<\/div>\n\t\t\t\t\t<\/div>\n\t\t<\/div>\n\t\t\t\t<div class=\"aux-parallax-section elementor-column elementor-col-50 elementor-top-column elementor-element elementor-element-1057854\" data-id=\"1057854\" data-element_type=\"column\" data-e-type=\"column\">\n\t\t\t<div class=\"elementor-widget-wrap elementor-element-populated\">\n\t\t\t\t\t\t<div class=\"elementor-element elementor-element-8a1f7e6 elementor-invisible elementor-widget elementor-widget-image\" data-id=\"8a1f7e6\" data-element_type=\"widget\" data-e-type=\"widget\" data-settings=\"{&quot;_animation&quot;:&quot;fadeInRight&quot;}\" data-widget_type=\"image.default\">\n\t\t\t\t<div class=\"elementor-widget-container\">\n\t\t\t\t\t\t\t\t\t\t\t\t\t\t\t<img fetchpriority=\"high\" decoding=\"async\" width=\"780\" height=\"709\" src=\"https:\/\/www.zahn-fine-kids.de\/wp-content\/uploads\/2025\/01\/a-little-boy-with-an-open-mouth-showing-milk-teeth-2023-11-27-05-12-39-utc.jpg\" class=\"attachment-large size-large wp-image-680\" alt=\"\" srcset=\"https:\/\/www.zahn-fine-kids.de\/wp-content\/uploads\/2025\/01\/a-little-boy-with-an-open-mouth-showing-milk-teeth-2023-11-27-05-12-39-utc.jpg 780w, https:\/\/www.zahn-fine-kids.de\/wp-content\/uploads\/2025\/01\/a-little-boy-with-an-open-mouth-showing-milk-teeth-2023-11-27-05-12-39-utc-200x182.jpg 200w\" sizes=\"(max-width: 780px) 100vw, 780px\" \/>\t\t\t\t\t\t\t\t\t\t\t\t\t\t\t<\/div>\n\t\t\t\t<\/div>\n\t\t\t\t\t<\/div>\n\t\t<\/div>\n\t\t\t\t\t<\/div>\n\t\t<\/section>\n\t\t<div class=\"aux-parallax-section elementor-element elementor-element-2d9cd86 e-flex e-con-boxed e-con e-parent\" data-id=\"2d9cd86\" data-element_type=\"container\" data-e-type=\"container\">\n\t\t\t\t\t<div class=\"e-con-inner\">\n\t\t\t\t<div class=\"elementor-element elementor-element-675f1a6 elementor-invisible elementor-widget elementor-widget-heading\" data-id=\"675f1a6\" data-element_type=\"widget\" data-e-type=\"widget\" data-settings=\"{&quot;_animation&quot;:&quot;fadeInUp&quot;}\" data-widget_type=\"heading.default\">\n\t\t\t\t<div class=\"elementor-widget-container\">\n\t\t\t\t\t<h2 class=\"elementor-heading-title elementor-size-default\">Dolgu Neden Gereklidir?<\/h2>\t\t\t\t<\/div>\n\t\t\t\t<\/div>\n\t\t\t\t<div class=\"elementor-element elementor-element-acdf3ed elementor-widget elementor-widget-text-editor\" data-id=\"acdf3ed\" data-element_type=\"widget\" data-e-type=\"widget\" data-widget_type=\"text-editor.default\">\n\t\t\t\t<div class=\"elementor-widget-container\">\n\t\t\t\t\t\t\t\t\t<p>\u00c7\u00fcr\u00fck, bakterilerin neden oldu\u011fu bir hastal\u0131kt\u0131r. Tedavi edilmedi\u011finde h\u0131zla ilerlemekte ve di\u015fin i\u00e7 dokular\u0131na kadar ula\u015fabilmektedir. S\u00fct di\u015flerinde bu s\u00fcre\u00e7 \u00e7ok daha h\u0131zl\u0131 geli\u015fmektedir. Zaman\u0131nda yap\u0131lan bir dolgu, \u00e7\u00fcr\u00fc\u011f\u00fcn yay\u0131lmas\u0131n\u0131 durdurmakta ve di\u015fi korumaktad\u0131r.<\/p><p>S\u00fct di\u015fleri elbette bir g\u00fcn d\u00fc\u015fmektedir fakat bu di\u015flerin \u00f6nemli g\u00f6revleri vard\u0131r: Daimi di\u015fler i\u00e7in yer tutmakta, \u00e7i\u011fneme ve konu\u015fma fonksiyonlar\u0131nda kritik rol oynamaktad\u0131rlar. Bu nedenle \u00e7\u00fcr\u00fck s\u00fct di\u015fleri mutlaka tedavi edilmelidir!<\/p>\t\t\t\t\t\t\t\t<\/div>\n\t\t\t\t<\/div>\n\t\t\t\t\t<\/div>\n\t\t\t\t<\/div>\n\t\t<div class=\"aux-parallax-section elementor-element elementor-element-c9eb3f6 e-flex e-con-boxed e-con e-parent\" data-id=\"c9eb3f6\" data-element_type=\"container\" data-e-type=\"container\">\n\t\t\t\t\t<div class=\"e-con-inner\">\n\t\t\t\t<div class=\"elementor-element elementor-element-8d6fd35 elementor-invisible elementor-widget elementor-widget-heading\" data-id=\"8d6fd35\" data-element_type=\"widget\" data-e-type=\"widget\" data-settings=\"{&quot;_animation&quot;:&quot;fadeInUp&quot;}\" data-widget_type=\"heading.default\">\n\t\t\t\t<div class=\"elementor-widget-container\">\n\t\t\t\t\t<h2 class=\"elementor-heading-title elementor-size-default\">Klinikte Hangi Dolgu Malzemelerini Kullan\u0131yoruz?<\/h2>\t\t\t\t<\/div>\n\t\t\t\t<\/div>\n\t\t\t\t<div class=\"elementor-element elementor-element-683796c elementor-widget elementor-widget-text-editor\" data-id=\"683796c\" data-element_type=\"widget\" data-e-type=\"widget\" data-widget_type=\"text-editor.default\">\n\t\t\t\t<div class=\"elementor-widget-container\">\n\t\t\t\t\t\t\t\t\tZahnfine Kids klini\u011fimizde modern, di\u015f renginde kompozit dolgular kullanmaktay\u0131z. Bu dolgular plastik ve seramik kar\u0131\u015f\u0131m\u0131ndan olu\u015fmaktad\u0131r ve:\t\t\t\t\t\t\t\t<\/div>\n\t\t\t\t<\/div>\n\t\t\t\t<div class=\"elementor-element elementor-element-96f9abc elementor-align-start elementor-icon-list--layout-traditional elementor-list-item-link-full_width elementor-widget elementor-widget-icon-list\" data-id=\"96f9abc\" data-element_type=\"widget\" data-e-type=\"widget\" data-widget_type=\"icon-list.default\">\n\t\t\t\t<div class=\"elementor-widget-container\">\n\t\t\t\t\t\t\t<ul class=\"elementor-icon-list-items\">\n\t\t\t\t\t\t\t<li class=\"elementor-icon-list-item\">\n\t\t\t\t\t\t\t\t\t\t\t<span class=\"elementor-icon-list-icon\">\n\t\t\t\t\t\t\t<i aria-hidden=\"true\" class=\"fas fa-arrow-circle-right\"><\/i>\t\t\t\t\t\t<\/span>\n\t\t\t\t\t\t\t\t\t\t<span class=\"elementor-icon-list-text\">Uzun \u00f6m\u00fcrl\u00fcd\u00fcr<\/span>\n\t\t\t\t\t\t\t\t\t<\/li>\n\t\t\t\t\t\t\t\t<li class=\"elementor-icon-list-item\">\n\t\t\t\t\t\t\t\t\t\t\t<span class=\"elementor-icon-list-icon\">\n\t\t\t\t\t\t\t<i aria-hidden=\"true\" class=\"fas fa-arrow-circle-right\"><\/i>\t\t\t\t\t\t<\/span>\n\t\t\t\t\t\t\t\t\t\t<span class=\"elementor-icon-list-text\">V\u00fccut taraf\u0131ndan iyi tolere edilmektedir<\/span>\n\t\t\t\t\t\t\t\t\t<\/li>\n\t\t\t\t\t\t\t\t<li class=\"elementor-icon-list-item\">\n\t\t\t\t\t\t\t\t\t\t\t<span class=\"elementor-icon-list-icon\">\n\t\t\t\t\t\t\t<i aria-hidden=\"true\" class=\"fas fa-arrow-circle-right\"><\/i>\t\t\t\t\t\t<\/span>\n\t\t\t\t\t\t\t\t\t\t<span class=\"elementor-icon-list-text\">Estetik olarak fark edilmemektedir<\/span>\n\t\t\t\t\t\t\t\t\t<\/li>\n\t\t\t\t\t\t<\/ul>\n\t\t\t\t\t\t<\/div>\n\t\t\t\t<\/div>\n\t\t\t\t<div class=\"elementor-element elementor-element-9dafd66 elementor-widget elementor-widget-text-editor\" data-id=\"9dafd66\" data-element_type=\"widget\" data-e-type=\"widget\" data-widget_type=\"text-editor.default\">\n\t\t\t\t<div class=\"elementor-widget-container\">\n\t\t\t\t\t\t\t\t\t<p>Malzeme, di\u015fe katman katman uygulanmakta ve \u0131\u015f\u0131kla sertle\u015ftirilmektedir. Bu sayede sa\u011flam ve s\u0131zd\u0131rmaz bir yap\u0131 elde edilmektedir.<\/p><p>\u00c7ok k\u00fc\u00e7\u00fck \u00e7ocuklarda ya da ileri derecede hasar g\u00f6rm\u00fc\u015f di\u015flerde, baz\u0131 durumlarda farkl\u0131 malzemeler veya \u00e7ocuklara \u00f6zel kuronlar da uygun olabilmektedir. T\u00fcm se\u00e7enekleri sizinle a\u00e7\u0131k\u00e7a payla\u015fmakta ve \u00e7ocu\u011funuz i\u00e7in en uygun \u00e7\u00f6z\u00fcm\u00fc birlikte belirlemekteyiz.<\/p>\t\t\t\t\t\t\t\t<\/div>\n\t\t\t\t<\/div>\n\t\t\t\t\t<\/div>\n\t\t\t\t<\/div>\n\t\t<div class=\"aux-parallax-section elementor-element elementor-element-fa1dec9 e-flex e-con-boxed e-con e-parent\" data-id=\"fa1dec9\" data-element_type=\"container\" data-e-type=\"container\">\n\t\t\t\t\t<div class=\"e-con-inner\">\n\t\t\t\t<div class=\"elementor-element elementor-element-6430910 elementor-invisible elementor-widget elementor-widget-heading\" data-id=\"6430910\" data-element_type=\"widget\" data-e-type=\"widget\" data-settings=\"{&quot;_animation&quot;:&quot;fadeInUp&quot;}\" data-widget_type=\"heading.default\">\n\t\t\t\t<div class=\"elementor-widget-container\">\n\t\t\t\t\t<h2 class=\"elementor-heading-title elementor-size-default\">Hedefimiz: A\u011fr\u0131s\u0131z Tedavi, Rahat Bir Atmosfer<\/h2>\t\t\t\t<\/div>\n\t\t\t\t<\/div>\n\t\t\t\t<div class=\"elementor-element elementor-element-1fd0dd0 elementor-widget elementor-widget-text-editor\" data-id=\"1fd0dd0\" data-element_type=\"widget\" data-e-type=\"widget\" data-widget_type=\"text-editor.default\">\n\t\t\t\t<div class=\"elementor-widget-container\">\n\t\t\t\t\t\t\t\t\tGelsenkirchen\u2019deki \u00e7ocuk di\u015f hekiminiz olarak, \u00e7ocu\u011funuzun kendini iyi hissetmesine b\u00fcy\u00fck \u00f6nem vermekteyiz. Her ad\u0131m\u0131 \u00e7ocuklara uygun bir dille a\u00e7\u0131klamakta, sab\u0131rl\u0131 ve sevgi dolu bir yakla\u015f\u0131mla \u00e7al\u0131\u015fmaktay\u0131z.\t\t\t\t\t\t\t\t<\/div>\n\t\t\t\t<\/div>\n\t\t\t\t\t<\/div>\n\t\t\t\t<\/div>\n\t\t<div class=\"aux-parallax-section elementor-element elementor-element-31b87a1 e-flex e-con-boxed e-con e-parent\" data-id=\"31b87a1\" data-element_type=\"container\" data-e-type=\"container\">\n\t\t\t\t\t<div class=\"e-con-inner\">\n\t\t\t\t<div class=\"elementor-element elementor-element-cf43a89 elementor-invisible elementor-widget elementor-widget-heading\" data-id=\"cf43a89\" data-element_type=\"widget\" data-e-type=\"widget\" data-settings=\"{&quot;_animation&quot;:&quot;fadeInUp&quot;}\" data-widget_type=\"heading.default\">\n\t\t\t\t<div class=\"elementor-widget-container\">\n\t\t\t\t\t<h2 class=\"elementor-heading-title elementor-size-default\">\u00d6nerimiz: Erken M\u00fcdahale<\/h2>\t\t\t\t<\/div>\n\t\t\t\t<\/div>\n\t\t\t\t<div class=\"elementor-element elementor-element-9a164ec elementor-widget elementor-widget-text-editor\" data-id=\"9a164ec\" data-element_type=\"widget\" data-e-type=\"widget\" data-widget_type=\"text-editor.default\">\n\t\t\t\t<div class=\"elementor-widget-container\">\n\t\t\t\t\t\t\t\t\tE\u011fer bir renk de\u011fi\u015fikli\u011fi ya da \u00e7\u00fcr\u00fck fark ederseniz, beklemeyin. Zarar ne kadar k\u00fc\u00e7\u00fckse, tedavi o kadar nazik ve kolay olmaktad\u0131r! Zahnfine Kids\u2019ten hemen randevu alabilirsiniz. Biz hem sizin hem de \u00e7ocu\u011funuzun yan\u0131nday\u0131z.\t\t\t\t\t\t\t\t<\/div>\n\t\t\t\t<\/div>\n\t\t\t\t\t<\/div>\n\t\t\t\t<\/div>\n\t\t<div class=\"aux-parallax-section elementor-element elementor-element-5bbf4e84 e-flex e-con-boxed e-con e-parent\" data-id=\"5bbf4e84\" data-element_type=\"container\" data-e-type=\"container\">\n\t\t\t\t\t<div class=\"e-con-inner\">\n\t\t\t\t<div class=\"elementor-element elementor-element-4f5a6d4e elementor-widget__width-inherit elementor-widget-mobile__width-inherit elementor-widget elementor-widget-aux_button\" data-id=\"4f5a6d4e\" data-element_type=\"widget\" data-e-type=\"widget\" data-widget_type=\"aux_button.default\">\n\t\t\t\t<div class=\"elementor-widget-container\">\n\t\t\t\t\t<a  href=\"https:\/\/www.zahn-fine-kids.de\/\" target=\"_self\"   class=\"aux-button aux-medium aux-carmine-pink aux-curve aux-none aux-uppercase\" ><span class=\"aux-overlay\"><\/span><span class=\"aux-text\">Ana sayfaya<\/span><\/a>\t\t\t\t<\/div>\n\t\t\t\t<\/div>\n\t\t\t\t\t<\/div>\n\t\t\t\t<\/div>\n\t\t\t\t<\/div>\n\t\t","protected":false},"excerpt":{"rendered":"<p>\u00c7ocuklarda Dolgu C\u00fcr\u00fck Di\u015fe H\u0131zl\u0131 ve Nazik M\u00fcdahale T\u00fcm \u00f6nlemlere ra\u011fmen bazen \u00e7\u00fcr\u00fck yine de geli\u015fmektedir: Di\u015f \u00e7\u00fcr\u00fc\u011f\u00fc bir di\u015fi etkilemi\u015f olabilir. Bu durum yaln\u0131zca can s\u0131k\u0131c\u0131 de\u011fil, ayn\u0131 zamanda \u00f6zellikle s\u00fct di\u015flerinde a\u011fr\u0131ya da yol a\u00e7abilmektedir. Bir \u00e7ocuk di\u015f hekimi olarak biliyoruz ki bu noktada h\u0131zl\u0131 ama anlay\u0131\u015fl\u0131 bir m\u00fcdahale gerekmektedir. Dolgu Neden Gereklidir? [&hellip;]<\/p>\n","protected":false},"author":1,"featured_media":0,"parent":803,"menu_order":0,"comment_status":"closed","ping_status":"closed","template":"elementor_header_footer","meta":{"footnotes":""},"class_list":["post-816","page","type-page","status-publish","hentry"],"_links":{"self":[{"href":"https:\/\/www.zahn-fine-kids.de\/tr\/wp-json\/wp\/v2\/pages\/816","targetHints":{"allow":["GET"]}}],"collection":[{"href":"https:\/\/www.zahn-fine-kids.de\/tr\/wp-json\/wp\/v2\/pages"}],"about":[{"href":"https:\/\/www.zahn-fine-kids.de\/tr\/wp-json\/wp\/v2\/types\/page"}],"author":[{"embeddable":true,"href":"https:\/\/www.zahn-fine-kids.de\/tr\/wp-json\/wp\/v2\/users\/1"}],"replies":[{"embeddable":true,"href":"https:\/\/www.zahn-fine-kids.de\/tr\/wp-json\/wp\/v2\/comments?post=816"}],"version-history":[{"count":1,"href":"https:\/\/www.zahn-fine-kids.de\/tr\/wp-json\/wp\/v2\/pages\/816\/revisions"}],"predecessor-version":[{"id":817,"href":"https:\/\/www.zahn-fine-kids.de\/tr\/wp-json\/wp\/v2\/pages\/816\/revisions\/817"}],"up":[{"embeddable":true,"href":"https:\/\/www.zahn-fine-kids.de\/tr\/wp-json\/wp\/v2\/pages\/803"}],"wp:attachment":[{"href":"https:\/\/www.zahn-fine-kids.de\/tr\/wp-json\/wp\/v2\/media?parent=816"}],"curies":[{"name":"wp","href":"https:\/\/api.w.org\/{rel}","templated":true}]}}