{"id":814,"date":"2025-05-02T12:07:13","date_gmt":"2025-05-02T10:07:13","guid":{"rendered":"https:\/\/www.zahn-fine-kids.de\/tedaviler\/fissuer-oertuecue\/"},"modified":"2025-05-16T13:19:22","modified_gmt":"2025-05-16T11:19:22","slug":"fissuer-oertuecue","status":"publish","type":"page","link":"https:\/\/www.zahn-fine-kids.de\/tr\/tedaviler\/fissuer-oertuecue\/","title":{"rendered":"Fiss\u00fcr \u00d6rt\u00fcc\u00fc"},"content":{"rendered":"\t\t<div data-elementor-type=\"wp-page\" data-elementor-id=\"814\" class=\"elementor elementor-814 elementor-541\" data-elementor-settings=\"{&quot;element_pack_global_tooltip_width&quot;:{&quot;unit&quot;:&quot;px&quot;,&quot;size&quot;:&quot;&quot;,&quot;sizes&quot;:[]},&quot;element_pack_global_tooltip_width_tablet&quot;:{&quot;unit&quot;:&quot;px&quot;,&quot;size&quot;:&quot;&quot;,&quot;sizes&quot;:[]},&quot;element_pack_global_tooltip_width_mobile&quot;:{&quot;unit&quot;:&quot;px&quot;,&quot;size&quot;:&quot;&quot;,&quot;sizes&quot;:[]},&quot;element_pack_global_tooltip_padding&quot;:{&quot;unit&quot;:&quot;px&quot;,&quot;top&quot;:&quot;&quot;,&quot;right&quot;:&quot;&quot;,&quot;bottom&quot;:&quot;&quot;,&quot;left&quot;:&quot;&quot;,&quot;isLinked&quot;:true},&quot;element_pack_global_tooltip_padding_tablet&quot;:{&quot;unit&quot;:&quot;px&quot;,&quot;top&quot;:&quot;&quot;,&quot;right&quot;:&quot;&quot;,&quot;bottom&quot;:&quot;&quot;,&quot;left&quot;:&quot;&quot;,&quot;isLinked&quot;:true},&quot;element_pack_global_tooltip_padding_mobile&quot;:{&quot;unit&quot;:&quot;px&quot;,&quot;top&quot;:&quot;&quot;,&quot;right&quot;:&quot;&quot;,&quot;bottom&quot;:&quot;&quot;,&quot;left&quot;:&quot;&quot;,&quot;isLinked&quot;:true},&quot;element_pack_global_tooltip_border_radius&quot;:{&quot;unit&quot;:&quot;px&quot;,&quot;top&quot;:&quot;&quot;,&quot;right&quot;:&quot;&quot;,&quot;bottom&quot;:&quot;&quot;,&quot;left&quot;:&quot;&quot;,&quot;isLinked&quot;:true},&quot;element_pack_global_tooltip_border_radius_tablet&quot;:{&quot;unit&quot;:&quot;px&quot;,&quot;top&quot;:&quot;&quot;,&quot;right&quot;:&quot;&quot;,&quot;bottom&quot;:&quot;&quot;,&quot;left&quot;:&quot;&quot;,&quot;isLinked&quot;:true},&quot;element_pack_global_tooltip_border_radius_mobile&quot;:{&quot;unit&quot;:&quot;px&quot;,&quot;top&quot;:&quot;&quot;,&quot;right&quot;:&quot;&quot;,&quot;bottom&quot;:&quot;&quot;,&quot;left&quot;:&quot;&quot;,&quot;isLinked&quot;:true}}\" data-elementor-post-type=\"page\">\n\t\t\t\t\t\t<section class=\"elementor-section elementor-top-section elementor-element elementor-element-6a95bec elementor-reverse-mobile elementor-section-boxed elementor-section-height-default elementor-section-height-default\" data-id=\"6a95bec\" data-element_type=\"section\" data-e-type=\"section\">\n\t\t\t\t\t\t<div class=\"elementor-container elementor-column-gap-extended\">\n\t\t\t\t\t<div class=\"aux-parallax-section elementor-column elementor-col-50 elementor-top-column elementor-element elementor-element-77f1f21 elementor-invisible\" data-id=\"77f1f21\" data-element_type=\"column\" data-e-type=\"column\" data-settings=\"{&quot;animation&quot;:&quot;fadeInLeft&quot;}\">\n\t\t\t<div class=\"elementor-widget-wrap elementor-element-populated\">\n\t\t\t\t\t\t<div class=\"elementor-element elementor-element-0363c8e elementor-hidden-mobile elementor-widget elementor-widget-heading\" data-id=\"0363c8e\" data-element_type=\"widget\" data-e-type=\"widget\" data-widget_type=\"heading.default\">\n\t\t\t\t<div class=\"elementor-widget-container\">\n\t\t\t\t\t<h1 class=\"elementor-heading-title elementor-size-default\">Fiss\u00fcr \u00d6rt\u00fcc\u00fc<\/h1>\t\t\t\t<\/div>\n\t\t\t\t<\/div>\n\t\t\t\t<div class=\"elementor-element elementor-element-afb1e82 elementor-hidden-desktop elementor-hidden-tablet elementor-widget elementor-widget-heading\" data-id=\"afb1e82\" data-element_type=\"widget\" data-e-type=\"widget\" data-widget_type=\"heading.default\">\n\t\t\t\t<div class=\"elementor-widget-container\">\n\t\t\t\t\t<h1 class=\"elementor-heading-title elementor-size-default\">Fiss\u00fcr \u00d6rt\u00fcc\u00fc<\/h1>\t\t\t\t<\/div>\n\t\t\t\t<\/div>\n\t\t\t\t<div class=\"elementor-element elementor-element-9c657f9 elementor-widget elementor-widget-heading\" data-id=\"9c657f9\" data-element_type=\"widget\" data-e-type=\"widget\" data-widget_type=\"heading.default\">\n\t\t\t\t<div class=\"elementor-widget-container\">\n\t\t\t\t\t<h2 class=\"elementor-heading-title elementor-size-default\">C\u00fcr\u00fc\u011f\u00fc Olu\u015fmadan Durdurun\n<\/h2>\t\t\t\t<\/div>\n\t\t\t\t<\/div>\n\t\t\t\t<div class=\"elementor-element elementor-element-2c85b05 elementor-widget elementor-widget-text-editor\" data-id=\"2c85b05\" data-element_type=\"widget\" data-e-type=\"widget\" data-widget_type=\"text-editor.default\">\n\t\t\t\t<div class=\"elementor-widget-container\">\n\t\t\t\t\t\t\t\t\tPek \u00e7ok ebeveynin ya\u015fad\u0131\u011f\u0131 bir durum vard\u0131r: D\u00fczenli f\u0131r\u00e7alamaya ra\u011fmen \u00e7ocuklar\u0131n\u0131n di\u015flerinde \u00e7\u00fcr\u00fck olu\u015fmaktad\u0131r, \u00f6zellikle az\u0131 di\u015flerinde. Peki neden?<br>\u00c7i\u011fneme y\u00fczeylerinde bulunan derin girintiler, yani fiss\u00fcrler, temizlenmesi zor alanlard\u0131r. Bu b\u00f6lgelerde di\u015f pla\u011f\u0131 birikmekte, bakteriler kolayca \u00e7o\u011falmaktad\u0131r.<br>\u0130\u015fte bu noktada fiss\u00fcr \u00f6rt\u00fcc\u00fc uygulamas\u0131 devreye girmektedir ve bu da basit ama olduk\u00e7a etkili bir koruyucu y\u00f6ntemdir. Biz, Zahnfine Kids olarak, Gelsenkirchen\u2019deki \u00e7ocuk di\u015f hekiminiz s\u0131fat\u0131yla bu i\u015flemi her g\u00fcn uygulamaktay\u0131z.    \t\t\t\t\t\t\t\t<\/div>\n\t\t\t\t<\/div>\n\t\t\t\t\t<\/div>\n\t\t<\/div>\n\t\t\t\t<div class=\"aux-parallax-section elementor-column elementor-col-50 elementor-top-column elementor-element elementor-element-1057854\" data-id=\"1057854\" data-element_type=\"column\" data-e-type=\"column\">\n\t\t\t<div class=\"elementor-widget-wrap elementor-element-populated\">\n\t\t\t\t\t\t<div class=\"elementor-element elementor-element-8a1f7e6 elementor-invisible elementor-widget elementor-widget-image\" data-id=\"8a1f7e6\" data-element_type=\"widget\" data-e-type=\"widget\" data-settings=\"{&quot;_animation&quot;:&quot;fadeInRight&quot;}\" data-widget_type=\"image.default\">\n\t\t\t\t<div class=\"elementor-widget-container\">\n\t\t\t\t\t\t\t\t\t\t\t\t\t\t\t<img fetchpriority=\"high\" decoding=\"async\" width=\"320\" height=\"320\" src=\"https:\/\/www.zahn-fine-kids.de\/wp-content\/uploads\/2025\/01\/front-view-of-laughing-kid-isolated-on-white-2024-11-19-10-11-32-utc-web.jpg\" class=\"attachment-large size-large wp-image-686\" alt=\"\" srcset=\"https:\/\/www.zahn-fine-kids.de\/wp-content\/uploads\/2025\/01\/front-view-of-laughing-kid-isolated-on-white-2024-11-19-10-11-32-utc-web.jpg 320w, https:\/\/www.zahn-fine-kids.de\/wp-content\/uploads\/2025\/01\/front-view-of-laughing-kid-isolated-on-white-2024-11-19-10-11-32-utc-web-300x300.jpg 300w, https:\/\/www.zahn-fine-kids.de\/wp-content\/uploads\/2025\/01\/front-view-of-laughing-kid-isolated-on-white-2024-11-19-10-11-32-utc-web-150x150.jpg 150w, https:\/\/www.zahn-fine-kids.de\/wp-content\/uploads\/2025\/01\/front-view-of-laughing-kid-isolated-on-white-2024-11-19-10-11-32-utc-web-200x200.jpg 200w\" sizes=\"(max-width: 320px) 100vw, 320px\" \/>\t\t\t\t\t\t\t\t\t\t\t\t\t\t\t<\/div>\n\t\t\t\t<\/div>\n\t\t\t\t\t<\/div>\n\t\t<\/div>\n\t\t\t\t\t<\/div>\n\t\t<\/section>\n\t\t<div class=\"aux-parallax-section elementor-element elementor-element-2d9cd86 e-flex e-con-boxed e-con e-parent\" data-id=\"2d9cd86\" data-element_type=\"container\" data-e-type=\"container\">\n\t\t\t\t\t<div class=\"e-con-inner\">\n\t\t\t\t<div class=\"elementor-element elementor-element-675f1a6 elementor-invisible elementor-widget elementor-widget-heading\" data-id=\"675f1a6\" data-element_type=\"widget\" data-e-type=\"widget\" data-settings=\"{&quot;_animation&quot;:&quot;fadeInUp&quot;}\" data-widget_type=\"heading.default\">\n\t\t\t\t<div class=\"elementor-widget-container\">\n\t\t\t\t\t<h2 class=\"elementor-heading-title elementor-size-default\">Fiss\u00fcr Nedir ve Neden Sorun Olu\u015fturur?\n<\/h2>\t\t\t\t<\/div>\n\t\t\t\t<\/div>\n\t\t\t\t<div class=\"elementor-element elementor-element-acdf3ed elementor-widget elementor-widget-text-editor\" data-id=\"acdf3ed\" data-element_type=\"widget\" data-e-type=\"widget\" data-widget_type=\"text-editor.default\">\n\t\t\t\t<div class=\"elementor-widget-container\">\n\t\t\t\t\t\t\t\t\t<p>Fiss\u00fcrler, daimi az\u0131 di\u015flerinin \u00e7i\u011fneme y\u00fczeylerinde yer alan ince ve derin girintilerdir.<br>Bu alanlar o kadar karma\u015f\u0131kt\u0131r ki, en kaliteli di\u015f f\u0131r\u00e7as\u0131 bile her noktaya ula\u015famamaktad\u0131r.<br>\u00d6zellikle di\u015f f\u0131r\u00e7alama al\u0131\u015fkanl\u0131\u011f\u0131 geli\u015fmekte olan \u00e7ocuklarda bu b\u00f6lgelerde \u00e7\u00fcr\u00fck olu\u015fumu kolayla\u015fmaktad\u0131r.  <\/p><p>A\u011fr\u0131 hissedilmemesine ra\u011fmen, \u00e7\u00fcr\u00fck di\u015f y\u00fczeyinin alt\u0131nda ilerlemekte ve fark edilmeden ciddi bir soruna d\u00f6n\u00fc\u015febilmektedir.<\/p>\t\t\t\t\t\t\t\t<\/div>\n\t\t\t\t<\/div>\n\t\t\t\t\t<\/div>\n\t\t\t\t<\/div>\n\t\t<div class=\"aux-parallax-section elementor-element elementor-element-c9eb3f6 e-flex e-con-boxed e-con e-parent\" data-id=\"c9eb3f6\" data-element_type=\"container\" data-e-type=\"container\">\n\t\t\t\t\t<div class=\"e-con-inner\">\n\t\t\t\t<div class=\"elementor-element elementor-element-8d6fd35 elementor-invisible elementor-widget elementor-widget-heading\" data-id=\"8d6fd35\" data-element_type=\"widget\" data-e-type=\"widget\" data-settings=\"{&quot;_animation&quot;:&quot;fadeInUp&quot;}\" data-widget_type=\"heading.default\">\n\t\t\t\t<div class=\"elementor-widget-container\">\n\t\t\t\t\t<h2 class=\"elementor-heading-title elementor-size-default\">Fiss\u00fcr \u00d6rt\u00fcc\u00fc Nas\u0131l Uygulan\u0131r?<\/h2>\t\t\t\t<\/div>\n\t\t\t\t<\/div>\n\t\t\t\t<div class=\"elementor-element elementor-element-683796c elementor-widget elementor-widget-text-editor\" data-id=\"683796c\" data-element_type=\"widget\" data-e-type=\"widget\" data-widget_type=\"text-editor.default\">\n\t\t\t\t<div class=\"elementor-widget-container\">\n\t\t\t\t\t\t\t\t\tBu i\u015flemde \u00e7i\u011fneme y\u00fczeyindeki girintiler \u00f6zel bir dolgu materyaliyle kapat\u0131lmaktad\u0131r.<br>\u0130\u015flem k\u0131sa s\u00fcrede tamamlanmakta, a\u011fr\u0131 hissedilmemekte ve uzun vadeli koruma sa\u011flamaktad\u0131r. Uygulama ad\u0131mlar\u0131 \u015f\u00f6yledir:  \t\t\t\t\t\t\t\t<\/div>\n\t\t\t\t<\/div>\n\t\t\t\t<div class=\"elementor-element elementor-element-96f9abc elementor-align-start elementor-icon-list--layout-traditional elementor-list-item-link-full_width elementor-widget elementor-widget-icon-list\" data-id=\"96f9abc\" data-element_type=\"widget\" data-e-type=\"widget\" data-widget_type=\"icon-list.default\">\n\t\t\t\t<div class=\"elementor-widget-container\">\n\t\t\t\t\t\t\t<ul class=\"elementor-icon-list-items\">\n\t\t\t\t\t\t\t<li class=\"elementor-icon-list-item\">\n\t\t\t\t\t\t\t\t\t\t\t<span class=\"elementor-icon-list-icon\">\n\t\t\t\t\t\t\t<i aria-hidden=\"true\" class=\"fas fa-arrow-circle-right\"><\/i>\t\t\t\t\t\t<\/span>\n\t\t\t\t\t\t\t\t\t\t<span class=\"elementor-icon-list-text\">Di\u015f y\u00fczeyinin temizlenmesi<\/span>\n\t\t\t\t\t\t\t\t\t<\/li>\n\t\t\t\t\t\t\t\t<li class=\"elementor-icon-list-item\">\n\t\t\t\t\t\t\t\t\t\t\t<span class=\"elementor-icon-list-icon\">\n\t\t\t\t\t\t\t<i aria-hidden=\"true\" class=\"fas fa-arrow-circle-right\"><\/i>\t\t\t\t\t\t<\/span>\n\t\t\t\t\t\t\t\t\t\t<span class=\"elementor-icon-list-text\">K\u0131sa s\u00fcreli bir jel ile haz\u0131rl\u0131k yap\u0131lmas\u0131<\/span>\n\t\t\t\t\t\t\t\t\t<\/li>\n\t\t\t\t\t\t\t\t<li class=\"elementor-icon-list-item\">\n\t\t\t\t\t\t\t\t\t\t\t<span class=\"elementor-icon-list-icon\">\n\t\t\t\t\t\t\t<i aria-hidden=\"true\" class=\"fas fa-arrow-circle-right\"><\/i>\t\t\t\t\t\t<\/span>\n\t\t\t\t\t\t\t\t\t\t<span class=\"elementor-icon-list-text\">\u00d6rt\u00fcc\u00fc materyalin uygulanmas\u0131<\/span>\n\t\t\t\t\t\t\t\t\t<\/li>\n\t\t\t\t\t\t\t\t<li class=\"elementor-icon-list-item\">\n\t\t\t\t\t\t\t\t\t\t\t<span class=\"elementor-icon-list-icon\">\n\t\t\t\t\t\t\t<i aria-hidden=\"true\" class=\"fas fa-arrow-circle-right\"><\/i>\t\t\t\t\t\t<\/span>\n\t\t\t\t\t\t\t\t\t\t<span class=\"elementor-icon-list-text\">I\u015f\u0131kla sertle\u015ftirilmesi<\/span>\n\t\t\t\t\t\t\t\t\t<\/li>\n\t\t\t\t\t\t<\/ul>\n\t\t\t\t\t\t<\/div>\n\t\t\t\t<\/div>\n\t\t\t\t<div class=\"elementor-element elementor-element-9dafd66 elementor-widget elementor-widget-text-editor\" data-id=\"9dafd66\" data-element_type=\"widget\" data-e-type=\"widget\" data-widget_type=\"text-editor.default\">\n\t\t\t\t<div class=\"elementor-widget-container\">\n\t\t\t\t\t\t\t\t\tSonu\u00e7: Di\u015f pla\u011f\u0131n\u0131n tutunamayaca\u011f\u0131 p\u00fcr\u00fczs\u00fcz y\u00fczeylerdir. Di\u015f, uzun s\u00fcreli olarak korunmaktad\u0131r. \t\t\t\t\t\t\t\t<\/div>\n\t\t\t\t<\/div>\n\t\t\t\t\t<\/div>\n\t\t\t\t<\/div>\n\t\t<div class=\"aux-parallax-section elementor-element elementor-element-fa1dec9 e-flex e-con-boxed e-con e-parent\" data-id=\"fa1dec9\" data-element_type=\"container\" data-e-type=\"container\">\n\t\t\t\t\t<div class=\"e-con-inner\">\n\t\t\t\t<div class=\"elementor-element elementor-element-6430910 elementor-invisible elementor-widget elementor-widget-heading\" data-id=\"6430910\" data-element_type=\"widget\" data-e-type=\"widget\" data-settings=\"{&quot;_animation&quot;:&quot;fadeInUp&quot;}\" data-widget_type=\"heading.default\">\n\t\t\t\t<div class=\"elementor-widget-container\">\n\t\t\t\t\t<h2 class=\"elementor-heading-title elementor-size-default\">En Uygun Zaman Ne Zamand\u0131r?<\/h2>\t\t\t\t<\/div>\n\t\t\t\t<\/div>\n\t\t\t\t<div class=\"elementor-element elementor-element-1fd0dd0 elementor-widget elementor-widget-text-editor\" data-id=\"1fd0dd0\" data-element_type=\"widget\" data-e-type=\"widget\" data-widget_type=\"text-editor.default\">\n\t\t\t\t<div class=\"elementor-widget-container\">\n\t\t\t\t\t\t\t\t\t<p>\u0130lk fiss\u00fcr \u00f6rt\u00fcc\u00fc uygulamas\u0131, daimi az\u0131 di\u015fleri s\u00fcrd\u00fc\u011f\u00fc anda \u00f6nerilmektedir. Bu da genellikle 6 ila 8 ya\u015f aral\u0131\u011f\u0131na denk gelmektedir.<br>Bu hizmetin \u00fccretini, yasal sa\u011fl\u0131k sigortalar\u0131 genellikle tamamen kar\u015f\u0131lamaktad\u0131r. <\/p><p>Alan\u0131nda deneyimli \u00e7ocuk di\u015f hekimli\u011fi ekibimiz, d\u00fczenli kontrollerde fiss\u00fcr \u00f6rt\u00fcc\u00fc uygulamas\u0131 i\u00e7in en uygun zaman\u0131 titizlikle takip etmektedir.<\/p>\t\t\t\t\t\t\t\t<\/div>\n\t\t\t\t<\/div>\n\t\t\t\t\t<\/div>\n\t\t\t\t<\/div>\n\t\t<div class=\"aux-parallax-section elementor-element elementor-element-31b87a1 e-flex e-con-boxed e-con e-parent\" data-id=\"31b87a1\" data-element_type=\"container\" data-e-type=\"container\">\n\t\t\t\t\t<div class=\"e-con-inner\">\n\t\t\t\t<div class=\"elementor-element elementor-element-cf43a89 elementor-invisible elementor-widget elementor-widget-heading\" data-id=\"cf43a89\" data-element_type=\"widget\" data-e-type=\"widget\" data-settings=\"{&quot;_animation&quot;:&quot;fadeInUp&quot;}\" data-widget_type=\"heading.default\">\n\t\t\t\t<div class=\"elementor-widget-container\">\n\t\t\t\t\t<h2 class=\"elementor-heading-title elementor-size-default\">Size \u00d6nerimiz<\/h2>\t\t\t\t<\/div>\n\t\t\t\t<\/div>\n\t\t\t\t<div class=\"elementor-element elementor-element-9a164ec elementor-widget elementor-widget-text-editor\" data-id=\"9a164ec\" data-element_type=\"widget\" data-e-type=\"widget\" data-widget_type=\"text-editor.default\">\n\t\t\t\t<div class=\"elementor-widget-container\">\n\t\t\t\t\t\t\t\t\t<p>Fiss\u00fcr \u00f6rt\u00fcc\u00fcler d\u00fczenli olarak kontrol edilmelidir. \u0130deal olan\u0131, bu kontrol\u00fcn bireysel koruyucu di\u015f hekimli\u011fi kapsam\u0131nda y\u0131lda iki kez yap\u0131lmas\u0131d\u0131r.<br>Ancak bu \u015fekilde uzun s\u00fcreli koruma sa\u011flanabilmektedir. <\/p><p><strong>Hemen Zahnfine Kids\u2019ten bir randevu alabilirsiniz.<br>\u00c7ocu\u011funuzun sa\u011fl\u0131kl\u0131 ve \u00e7\u00fcr\u00fcks\u00fcz di\u015flere giden yolculu\u011funda ona e\u015flik etmekten b\u00fcy\u00fck memnuniyet duymaktay\u0131z! <\/strong><\/p>\t\t\t\t\t\t\t\t<\/div>\n\t\t\t\t<\/div>\n\t\t\t\t\t<\/div>\n\t\t\t\t<\/div>\n\t\t<div class=\"aux-parallax-section elementor-element elementor-element-5bbf4e84 e-flex e-con-boxed e-con e-parent\" data-id=\"5bbf4e84\" data-element_type=\"container\" data-e-type=\"container\">\n\t\t\t\t\t<div class=\"e-con-inner\">\n\t\t\t\t<div class=\"elementor-element elementor-element-4f5a6d4e elementor-widget__width-inherit elementor-widget-mobile__width-inherit elementor-widget elementor-widget-aux_button\" data-id=\"4f5a6d4e\" data-element_type=\"widget\" data-e-type=\"widget\" data-widget_type=\"aux_button.default\">\n\t\t\t\t<div class=\"elementor-widget-container\">\n\t\t\t\t\t<a  href=\"https:\/\/www.zahn-fine-kids.de\/\" target=\"_self\"   class=\"aux-button aux-medium aux-carmine-pink aux-curve aux-none aux-uppercase\" ><span class=\"aux-overlay\"><\/span><span class=\"aux-text\">Ana sayfaya<\/span><\/a>\t\t\t\t<\/div>\n\t\t\t\t<\/div>\n\t\t\t\t\t<\/div>\n\t\t\t\t<\/div>\n\t\t\t\t<\/div>\n\t\t","protected":false},"excerpt":{"rendered":"<p>Fiss\u00fcr \u00d6rt\u00fcc\u00fc Fiss\u00fcr \u00d6rt\u00fcc\u00fc C\u00fcr\u00fc\u011f\u00fc Olu\u015fmadan Durdurun Pek \u00e7ok ebeveynin ya\u015fad\u0131\u011f\u0131 bir durum vard\u0131r: D\u00fczenli f\u0131r\u00e7alamaya ra\u011fmen \u00e7ocuklar\u0131n\u0131n di\u015flerinde \u00e7\u00fcr\u00fck olu\u015fmaktad\u0131r, \u00f6zellikle az\u0131 di\u015flerinde. Peki neden?\u00c7i\u011fneme y\u00fczeylerinde bulunan derin girintiler, yani fiss\u00fcrler, temizlenmesi zor alanlard\u0131r. Bu b\u00f6lgelerde di\u015f pla\u011f\u0131 birikmekte, bakteriler kolayca \u00e7o\u011falmaktad\u0131r.\u0130\u015fte bu noktada fiss\u00fcr \u00f6rt\u00fcc\u00fc uygulamas\u0131 devreye girmektedir ve bu da basit ama [&hellip;]<\/p>\n","protected":false},"author":1,"featured_media":0,"parent":803,"menu_order":0,"comment_status":"closed","ping_status":"closed","template":"elementor_header_footer","meta":{"footnotes":""},"class_list":["post-814","page","type-page","status-publish","hentry"],"_links":{"self":[{"href":"https:\/\/www.zahn-fine-kids.de\/tr\/wp-json\/wp\/v2\/pages\/814","targetHints":{"allow":["GET"]}}],"collection":[{"href":"https:\/\/www.zahn-fine-kids.de\/tr\/wp-json\/wp\/v2\/pages"}],"about":[{"href":"https:\/\/www.zahn-fine-kids.de\/tr\/wp-json\/wp\/v2\/types\/page"}],"author":[{"embeddable":true,"href":"https:\/\/www.zahn-fine-kids.de\/tr\/wp-json\/wp\/v2\/users\/1"}],"replies":[{"embeddable":true,"href":"https:\/\/www.zahn-fine-kids.de\/tr\/wp-json\/wp\/v2\/comments?post=814"}],"version-history":[{"count":1,"href":"https:\/\/www.zahn-fine-kids.de\/tr\/wp-json\/wp\/v2\/pages\/814\/revisions"}],"predecessor-version":[{"id":815,"href":"https:\/\/www.zahn-fine-kids.de\/tr\/wp-json\/wp\/v2\/pages\/814\/revisions\/815"}],"up":[{"embeddable":true,"href":"https:\/\/www.zahn-fine-kids.de\/tr\/wp-json\/wp\/v2\/pages\/803"}],"wp:attachment":[{"href":"https:\/\/www.zahn-fine-kids.de\/tr\/wp-json\/wp\/v2\/media?parent=814"}],"curies":[{"name":"wp","href":"https:\/\/api.w.org\/{rel}","templated":true}]}}